{"id":13305,"date":"2016-08-25T09:22:21","date_gmt":"2016-08-25T07:22:21","guid":{"rendered":"http:\/\/ibizahouse.es\/es\/?page_id=13305"},"modified":"2016-10-22T08:39:30","modified_gmt":"2016-10-22T06:39:30","slug":"politica-de-cookies","status":"publish","type":"page","link":"https:\/\/ibizahouse.es\/es\/politica-de-cookies\/","title":{"rendered":"Pol\u00edtica de cookies"},"content":{"rendered":"<div class=\"fusion-fullwidth fullwidth-box fusion-builder-row-1 nonhundred-percent-fullwidth non-hundred-percent-height-scrolling\" style=\"--awb-background-position:left top;--awb-border-radius-top-left:0px;--awb-border-radius-top-right:0px;--awb-border-radius-bottom-right:0px;--awb-border-radius-bottom-left:0px;--awb-padding-top:20px;--awb-padding-bottom:20px;--awb-border-sizes-top:0px;--awb-border-sizes-bottom:0px;--awb-flex-wrap:wrap;\" ><div class=\"fusion-builder-row fusion-row\"><div class=\"fusion-layout-column fusion_builder_column fusion-builder-column-0 fusion_builder_column_1_1 1_1 fusion-one-full fusion-column-first fusion-column-last fusion-column-no-min-height\" style=\"--awb-bg-size:cover;--awb-margin-bottom:0px;\"><div class=\"fusion-column-wrapper fusion-flex-column-wrapper-legacy\"><div class=\"fusion-title title fusion-title-1 fusion-sep-none fusion-title-text fusion-title-size-one azul\" style=\"--awb-margin-bottom:26px;\"><h1 class=\"fusion-title-heading title-heading-left\" style=\"margin:0;\">Pol\u00edtica de cookies<\/h1><\/div><div class=\"fusion-text fusion-text-1\"><h2>Nuestro uso de \u00abcookies\u00bb<\/h2>\n<p>Cuando entras en el sitio web de IbizaHouse, est\u00e1s consintiendo autom\u00e1ticamente el uso de cookies en tu dispositivo. Aunque, siempre puedes evitar y borrar las cookies siguiendo estas instrucciones.<\/p>\n<h2>\u00bfQu\u00e9 es una cookie?<\/h2>\n<p>Una \u00abCookie\u00bb es un peque\u00f1o archivo que se almacena en tu ordenador y nos permite reconocerte. Puede decirse que es tu tarjeta de identificaci\u00f3n, en otras palabras, nos permite reconocerte si vuelves al sitio de IbizaHouse usando el mismo ordenador y navegador. El conjunto de \u00abcookies\u00bb nos ayuda a mejorar la calidad de nuestra web, permiti\u00e9ndonos controlar que p\u00e1ginas encuentras \u00fatiles y cu\u00e1les no.<\/p>\n<h2>\u00bfPor qu\u00e9 utilizamos cookies?<\/h2>\n<p>Utilizamos cookies para recordar tus preferencias:<\/p>\n<ul>\n<li>Idioma y pa\u00eds.<\/li>\n<li>Tus dise\u00f1os.<\/li>\n<li>Caracter\u00edsticas de tu navegador.<\/li>\n<li>Informaci\u00f3n de uso de nuestra web.<\/li>\n<\/ul>\n<h2>\u00bfC\u00f3mo pueden ayudarte?<\/h2>\n<p>Recordando tus preferencias no tendremos que preguntarte por tu pa\u00eds cada vez que visites nuestra web. Sabremos las caracter\u00edsticas del ordenador que est\u00e1s usando y as\u00ed podremos ofrecerte una mejor experiencia de navegaci\u00f3n. Por favor, ten en cuenta que recogemos datos sobre tus movimientos y uso de nuestra web como datos estad\u00edsticos, no personales.<\/p>\n<p>Algunas cookies vienen dadas por terceros. Estas son:<\/p>\n<ul>\n<li><a href=\"https:\/\/www.google.es\/intl\/es\/policies\/technologies\/types\/\">Google analytics<\/a> (Medici\u00f3n y uso de la web)<\/li>\n<\/ul>\n<h2>\u00bfC\u00f3mo evitar y\/o borrar las cookies?<\/h2>\n<p>La mayor\u00eda de navegadores generalmente te permitir\u00e1n cambiar las caracter\u00edsticas de tu navegador para que \u00e9ste no acepte \u00abcookies\u00bb, o borrarlas de tu ordenador. Muchos navegadores permiten activar un modo privado mediante al cual las cookies se borran siempre despu\u00e9s de tu visita. Depende de cada navegador este modo privado puede tener diferentes nombres, abajo puedes encontrar una lista de los navegadores m\u00e1s comunes y los diferentes nombres de este \u00abmodo privado\u00bb:<\/p>\n<ul>\n<li>Internet Explorer 8 y superior; InPrivate<\/li>\n<li>FireFox 3.5 y superior; Navegaci\u00f3n Privada<\/li>\n<li>Google Chrome 10 y superior; Inc\u00f3gnito<\/li>\n<li>Safari 2 y superior; Navegaci\u00f3n Privada<\/li>\n<li>Opera 10.5 y superior; Navegaci\u00f3n Privada<\/li>\n<\/ul>\n<p>Por favor, lee atentamente la secci\u00f3n de ayuda de tu navegador para conocer m\u00e1s acerca de como activar el <strong>\u00abmodo privado\u00bb<\/strong>. Podr\u00e1s seguir visitando nuestra web aunque tu navegador est\u00e9 en \u00abmodo privado\u00bb aunque la experiencia de usuario puede no ser \u00f3ptima y algunas utilidades pueden no funcionar.<\/p>\n<p>Por favor, lee nuestra p\u00e1gina de <a href=\"\/es\/aviso-legal\/\">Aviso legal<\/a>.<\/p>\n<\/div><div class=\"fusion-clearfix\"><\/div><\/div><\/div><\/div><\/div>\n","protected":false},"excerpt":{"rendered":"","protected":false},"author":1,"featured_media":0,"parent":0,"menu_order":0,"comment_status":"closed","ping_status":"closed","template":"100-width.php","meta":{"footnotes":""},"yoast_head":"<!-- This site is optimized with the Yoast SEO plugin v22.6 - https:\/\/yoast.com\/wordpress\/plugins\/seo\/ -->\n<title>Pol\u00edtica de cookies - IbizaHouse<\/title>\n<meta name=\"robots\" content=\"index, follow, max-snippet:-1, max-image-preview:large, max-video-preview:-1\" \/>\n<link rel=\"canonical\" href=\"https:\/\/ibizahouse.es\/es\/politica-de-cookies\/\" \/>\n<meta property=\"og:locale\" content=\"es_ES\" \/>\n<meta property=\"og:type\" content=\"article\" \/>\n<meta property=\"og:title\" content=\"Pol\u00edtica de cookies - IbizaHouse\" \/>\n<meta property=\"og:url\" content=\"https:\/\/ibizahouse.es\/es\/politica-de-cookies\/\" \/>\n<meta property=\"og:site_name\" content=\"IbizaHouse\" \/>\n<meta property=\"article:modified_time\" content=\"2016-10-22T06:39:30+00:00\" \/>\n<meta name=\"twitter:card\" content=\"summary_large_image\" \/>\n<meta name=\"twitter:label1\" content=\"Tiempo de lectura\" \/>\n\t<meta name=\"twitter:data1\" content=\"3 minutos\" \/>\n<script type=\"application\/ld+json\" class=\"yoast-schema-graph\">{\"@context\":\"https:\/\/schema.org\",\"@graph\":[{\"@type\":\"WebPage\",\"@id\":\"https:\/\/ibizahouse.es\/es\/politica-de-cookies\/\",\"url\":\"https:\/\/ibizahouse.es\/es\/politica-de-cookies\/\",\"name\":\"Pol\u00edtica de cookies - IbizaHouse\",\"isPartOf\":{\"@id\":\"https:\/\/ibizahouse.es\/en\/#website\"},\"datePublished\":\"2016-08-25T07:22:21+00:00\",\"dateModified\":\"2016-10-22T06:39:30+00:00\",\"breadcrumb\":{\"@id\":\"https:\/\/ibizahouse.es\/es\/politica-de-cookies\/#breadcrumb\"},\"inLanguage\":\"es\",\"potentialAction\":[{\"@type\":\"ReadAction\",\"target\":[\"https:\/\/ibizahouse.es\/es\/politica-de-cookies\/\"]}]},{\"@type\":\"BreadcrumbList\",\"@id\":\"https:\/\/ibizahouse.es\/es\/politica-de-cookies\/#breadcrumb\",\"itemListElement\":[{\"@type\":\"ListItem\",\"position\":1,\"name\":\"Home\",\"item\":\"https:\/\/ibizahouse.es\/es\/\"},{\"@type\":\"ListItem\",\"position\":2,\"name\":\"Pol\u00edtica de cookies\"}]},{\"@type\":\"WebSite\",\"@id\":\"https:\/\/ibizahouse.es\/en\/#website\",\"url\":\"https:\/\/ibizahouse.es\/en\/\",\"name\":\"IbizaHouse\",\"description\":\"Your best solution forprojects and reforms.\",\"potentialAction\":[{\"@type\":\"SearchAction\",\"target\":{\"@type\":\"EntryPoint\",\"urlTemplate\":\"https:\/\/ibizahouse.es\/en\/?s={search_term_string}\"},\"query-input\":\"required name=search_term_string\"}],\"inLanguage\":\"es\"}]}<\/script>\n<!-- \/ Yoast SEO plugin. -->","yoast_head_json":{"title":"Pol\u00edtica de cookies - IbizaHouse","robots":{"index":"index","follow":"follow","max-snippet":"max-snippet:-1","max-image-preview":"max-image-preview:large","max-video-preview":"max-video-preview:-1"},"canonical":"https:\/\/ibizahouse.es\/es\/politica-de-cookies\/","og_locale":"es_ES","og_type":"article","og_title":"Pol\u00edtica de cookies - IbizaHouse","og_url":"https:\/\/ibizahouse.es\/es\/politica-de-cookies\/","og_site_name":"IbizaHouse","article_modified_time":"2016-10-22T06:39:30+00:00","twitter_card":"summary_large_image","twitter_misc":{"Tiempo de lectura":"3 minutos"},"schema":{"@context":"https:\/\/schema.org","@graph":[{"@type":"WebPage","@id":"https:\/\/ibizahouse.es\/es\/politica-de-cookies\/","url":"https:\/\/ibizahouse.es\/es\/politica-de-cookies\/","name":"Pol\u00edtica de cookies - IbizaHouse","isPartOf":{"@id":"https:\/\/ibizahouse.es\/en\/#website"},"datePublished":"2016-08-25T07:22:21+00:00","dateModified":"2016-10-22T06:39:30+00:00","breadcrumb":{"@id":"https:\/\/ibizahouse.es\/es\/politica-de-cookies\/#breadcrumb"},"inLanguage":"es","potentialAction":[{"@type":"ReadAction","target":["https:\/\/ibizahouse.es\/es\/politica-de-cookies\/"]}]},{"@type":"BreadcrumbList","@id":"https:\/\/ibizahouse.es\/es\/politica-de-cookies\/#breadcrumb","itemListElement":[{"@type":"ListItem","position":1,"name":"Home","item":"https:\/\/ibizahouse.es\/es\/"},{"@type":"ListItem","position":2,"name":"Pol\u00edtica de cookies"}]},{"@type":"WebSite","@id":"https:\/\/ibizahouse.es\/en\/#website","url":"https:\/\/ibizahouse.es\/en\/","name":"IbizaHouse","description":"Your best solution forprojects and reforms.","potentialAction":[{"@type":"SearchAction","target":{"@type":"EntryPoint","urlTemplate":"https:\/\/ibizahouse.es\/en\/?s={search_term_string}"},"query-input":"required name=search_term_string"}],"inLanguage":"es"}]}},"_links":{"self":[{"href":"https:\/\/ibizahouse.es\/es\/wp-json\/wp\/v2\/pages\/13305"}],"collection":[{"href":"https:\/\/ibizahouse.es\/es\/wp-json\/wp\/v2\/pages"}],"about":[{"href":"https:\/\/ibizahouse.es\/es\/wp-json\/wp\/v2\/types\/page"}],"author":[{"embeddable":true,"href":"https:\/\/ibizahouse.es\/es\/wp-json\/wp\/v2\/users\/1"}],"replies":[{"embeddable":true,"href":"https:\/\/ibizahouse.es\/es\/wp-json\/wp\/v2\/comments?post=13305"}],"version-history":[{"count":6,"href":"https:\/\/ibizahouse.es\/es\/wp-json\/wp\/v2\/pages\/13305\/revisions"}],"predecessor-version":[{"id":13486,"href":"https:\/\/ibizahouse.es\/es\/wp-json\/wp\/v2\/pages\/13305\/revisions\/13486"}],"wp:attachment":[{"href":"https:\/\/ibizahouse.es\/es\/wp-json\/wp\/v2\/media?parent=13305"}],"curies":[{"name":"wp","href":"https:\/\/api.w.org\/{rel}","templated":true}]}}