{"id":13218,"date":"2014-10-11T15:00:50","date_gmt":"2014-10-11T15:00:50","guid":{"rendered":"http:\/\/ibizahouse.es\/es\/services\/"},"modified":"2019-01-03T13:58:51","modified_gmt":"2019-01-03T12:58:51","slug":"servicios","status":"publish","type":"page","link":"https:\/\/ibizahouse.es\/es\/servicios\/","title":{"rendered":"Servicios"},"content":{"rendered":"<div class=\"fusion-fullwidth fullwidth-box fusion-builder-row-1 nonhundred-percent-fullwidth non-hundred-percent-height-scrolling\" style=\"--awb-background-position:left top;--awb-border-radius-top-left:0px;--awb-border-radius-top-right:0px;--awb-border-radius-bottom-right:0px;--awb-border-radius-bottom-left:0px;--awb-padding-top:125px;--awb-padding-bottom:20px;--awb-padding-left:15px;--awb-border-sizes-top:0px;--awb-border-sizes-bottom:0px;--awb-flex-wrap:wrap;\" id=\"servicios-page\" ><div class=\"fusion-builder-row fusion-row\"><div class=\"fusion-layout-column fusion_builder_column fusion-builder-column-0 fusion_builder_column_3_4 3_4 fusion-three-fourth fusion-column-first\" style=\"--awb-bg-size:cover;width:74%; margin-right: 4%;\"><div class=\"fusion-column-wrapper fusion-flex-column-wrapper-legacy\"><div class=\"fusion-title title fusion-title-1 fusion-sep-none fusion-title-text fusion-title-size-one azul titulo\" style=\"--awb-margin-bottom:26px;\"><h1 class=\"fusion-title-heading title-heading-left\" style=\"margin:0;\">IbizaHouse ofrece a sus clientes:<\/h1><\/div><div class=\"fusion-text fusion-text-1\"><ul>\n<li>\n<h3>Las mejores garant\u00edas experiencia y profesionalidad.<\/h3>\n<\/li>\n<li>\n<h3>Equipo humano de confianza.<\/h3>\n<\/li>\n<li>\n<h3>Las ofertas m\u00e1s competitivas.<\/h3>\n<\/li>\n<li>\n<h3>Proyectos y soluciones a su medida.<\/h3>\n<\/li>\n<li>\n<h3>Calidad y servicio.<\/h3>\n<\/li>\n<li>\n<h3>Consultor\u00eda y asesoramiento t\u00e9cnico.<\/h3>\n<\/li>\n<\/ul>\n<h2 class=\"azul\">Estamos siempre a su servicio para facilitarle las mejores soluciones a sus proyectos y reformas.<\/h2>\n<ul>\n<li>Licencias de actividad.<\/li>\n<li>Proyectos de instalaciones (electricidad, fontaner\u00eda, climatizaci\u00f3n, energ\u00edas renovables, etc.).<\/li>\n<li>Proyectos de demoliciones.<\/li>\n<li>Proyectos de arquitectura e ingenier\u00eda.<\/li>\n<li>Proyectos de dise\u00f1o de interiores y exteriores.<\/li>\n<li>Proyectos de control de calidad, seguridad y salud.<\/li>\n<li>Peritajes.<\/li>\n<li>Tratamiento de pavimentos anti-deslizantes.<\/li>\n<li>Mantenimiento (pintura, estucos, revestimiento en suelos y paredes, jardines, etc.).<\/li>\n<li>Carpinter\u00eda interior y exterior.<\/li>\n<li>Piscinas (dise\u00f1o, ejecuci\u00f3n y mantenimiento).<\/li>\n<li>Urbanizaci\u00f3n de calles y accesos.<\/li>\n<li>Reformas y obra nueva de todo tipo.<\/li>\n<\/ul>\n<h2 class=\"azul\">Tramitaci\u00f3n de certificados y asesoramiento.<\/h2>\n<ul>\n<li>Para obra nueva o reformas.<\/li>\n<li>Inversiones (compra\/venta de solares y parcelas para su aprovechamiento m\u00e1ximo).<\/li>\n<li>Gestiones en organismos oficiales (ayuntamientos, Consell).<\/li>\n<\/ul>\n<h2 class=\"azul\">Ejecuci\u00f3n de obra nueva, desde el proyecto o estudio b\u00e1sico hasta la entrega de llaves.<\/h2>\n<p>Ya sean proyectos o reformas a gran o peque\u00f1a escala, puede contar con nosotros para encontrar la soluci\u00f3n mas competitiva para satisfacer sus necesidades. <strong>Se lo garantizamos<\/strong>.<\/p>\n<\/div><div class=\"fusion-clearfix\"><\/div><\/div><\/div><\/div><\/div>\n","protected":false},"excerpt":{"rendered":"","protected":false},"author":1,"featured_media":0,"parent":0,"menu_order":0,"comment_status":"closed","ping_status":"closed","template":"100-width.php","meta":{"footnotes":""},"yoast_head":"<!-- This site is optimized with the Yoast SEO plugin v22.6 - https:\/\/yoast.com\/wordpress\/plugins\/seo\/ -->\n<title>Servicios - IbizaHouse<\/title>\n<meta name=\"robots\" content=\"index, follow, max-snippet:-1, max-image-preview:large, max-video-preview:-1\" \/>\n<link rel=\"canonical\" href=\"https:\/\/ibizahouse.es\/es\/servicios\/\" \/>\n<meta property=\"og:locale\" content=\"es_ES\" \/>\n<meta property=\"og:type\" content=\"article\" \/>\n<meta property=\"og:title\" content=\"Servicios - IbizaHouse\" \/>\n<meta property=\"og:url\" content=\"https:\/\/ibizahouse.es\/es\/servicios\/\" \/>\n<meta property=\"og:site_name\" content=\"IbizaHouse\" \/>\n<meta property=\"article:modified_time\" content=\"2019-01-03T12:58:51+00:00\" \/>\n<meta name=\"twitter:card\" content=\"summary_large_image\" \/>\n<meta name=\"twitter:label1\" content=\"Tiempo de lectura\" \/>\n\t<meta name=\"twitter:data1\" content=\"2 minutos\" \/>\n<script type=\"application\/ld+json\" class=\"yoast-schema-graph\">{\"@context\":\"https:\/\/schema.org\",\"@graph\":[{\"@type\":\"WebPage\",\"@id\":\"https:\/\/ibizahouse.es\/es\/servicios\/\",\"url\":\"https:\/\/ibizahouse.es\/es\/servicios\/\",\"name\":\"Servicios - IbizaHouse\",\"isPartOf\":{\"@id\":\"https:\/\/ibizahouse.es\/en\/#website\"},\"datePublished\":\"2014-10-11T15:00:50+00:00\",\"dateModified\":\"2019-01-03T12:58:51+00:00\",\"breadcrumb\":{\"@id\":\"https:\/\/ibizahouse.es\/es\/servicios\/#breadcrumb\"},\"inLanguage\":\"es\",\"potentialAction\":[{\"@type\":\"ReadAction\",\"target\":[\"https:\/\/ibizahouse.es\/es\/servicios\/\"]}]},{\"@type\":\"BreadcrumbList\",\"@id\":\"https:\/\/ibizahouse.es\/es\/servicios\/#breadcrumb\",\"itemListElement\":[{\"@type\":\"ListItem\",\"position\":1,\"name\":\"Home\",\"item\":\"https:\/\/ibizahouse.es\/es\/\"},{\"@type\":\"ListItem\",\"position\":2,\"name\":\"Servicios\"}]},{\"@type\":\"WebSite\",\"@id\":\"https:\/\/ibizahouse.es\/en\/#website\",\"url\":\"https:\/\/ibizahouse.es\/en\/\",\"name\":\"IbizaHouse\",\"description\":\"Your best solution forprojects and reforms.\",\"potentialAction\":[{\"@type\":\"SearchAction\",\"target\":{\"@type\":\"EntryPoint\",\"urlTemplate\":\"https:\/\/ibizahouse.es\/en\/?s={search_term_string}\"},\"query-input\":\"required name=search_term_string\"}],\"inLanguage\":\"es\"}]}<\/script>\n<!-- \/ Yoast SEO plugin. -->","yoast_head_json":{"title":"Servicios - IbizaHouse","robots":{"index":"index","follow":"follow","max-snippet":"max-snippet:-1","max-image-preview":"max-image-preview:large","max-video-preview":"max-video-preview:-1"},"canonical":"https:\/\/ibizahouse.es\/es\/servicios\/","og_locale":"es_ES","og_type":"article","og_title":"Servicios - IbizaHouse","og_url":"https:\/\/ibizahouse.es\/es\/servicios\/","og_site_name":"IbizaHouse","article_modified_time":"2019-01-03T12:58:51+00:00","twitter_card":"summary_large_image","twitter_misc":{"Tiempo de lectura":"2 minutos"},"schema":{"@context":"https:\/\/schema.org","@graph":[{"@type":"WebPage","@id":"https:\/\/ibizahouse.es\/es\/servicios\/","url":"https:\/\/ibizahouse.es\/es\/servicios\/","name":"Servicios - IbizaHouse","isPartOf":{"@id":"https:\/\/ibizahouse.es\/en\/#website"},"datePublished":"2014-10-11T15:00:50+00:00","dateModified":"2019-01-03T12:58:51+00:00","breadcrumb":{"@id":"https:\/\/ibizahouse.es\/es\/servicios\/#breadcrumb"},"inLanguage":"es","potentialAction":[{"@type":"ReadAction","target":["https:\/\/ibizahouse.es\/es\/servicios\/"]}]},{"@type":"BreadcrumbList","@id":"https:\/\/ibizahouse.es\/es\/servicios\/#breadcrumb","itemListElement":[{"@type":"ListItem","position":1,"name":"Home","item":"https:\/\/ibizahouse.es\/es\/"},{"@type":"ListItem","position":2,"name":"Servicios"}]},{"@type":"WebSite","@id":"https:\/\/ibizahouse.es\/en\/#website","url":"https:\/\/ibizahouse.es\/en\/","name":"IbizaHouse","description":"Your best solution forprojects and reforms.","potentialAction":[{"@type":"SearchAction","target":{"@type":"EntryPoint","urlTemplate":"https:\/\/ibizahouse.es\/en\/?s={search_term_string}"},"query-input":"required name=search_term_string"}],"inLanguage":"es"}]}},"_links":{"self":[{"href":"https:\/\/ibizahouse.es\/es\/wp-json\/wp\/v2\/pages\/13218"}],"collection":[{"href":"https:\/\/ibizahouse.es\/es\/wp-json\/wp\/v2\/pages"}],"about":[{"href":"https:\/\/ibizahouse.es\/es\/wp-json\/wp\/v2\/types\/page"}],"author":[{"embeddable":true,"href":"https:\/\/ibizahouse.es\/es\/wp-json\/wp\/v2\/users\/1"}],"replies":[{"embeddable":true,"href":"https:\/\/ibizahouse.es\/es\/wp-json\/wp\/v2\/comments?post=13218"}],"version-history":[{"count":8,"href":"https:\/\/ibizahouse.es\/es\/wp-json\/wp\/v2\/pages\/13218\/revisions"}],"predecessor-version":[{"id":13640,"href":"https:\/\/ibizahouse.es\/es\/wp-json\/wp\/v2\/pages\/13218\/revisions\/13640"}],"wp:attachment":[{"href":"https:\/\/ibizahouse.es\/es\/wp-json\/wp\/v2\/media?parent=13218"}],"curies":[{"name":"wp","href":"https:\/\/api.w.org\/{rel}","templated":true}]}}