{"id":13212,"date":"2014-10-11T14:58:50","date_gmt":"2014-10-11T14:58:50","guid":{"rendered":"http:\/\/ibizahouse.es\/es\/about-us\/"},"modified":"2016-10-21T17:29:28","modified_gmt":"2016-10-21T15:29:28","slug":"empresa","status":"publish","type":"page","link":"https:\/\/ibizahouse.es\/es\/empresa\/","title":{"rendered":"Empresa"},"content":{"rendered":"<div class=\"fusion-fullwidth fullwidth-box fusion-builder-row-1 nonhundred-percent-fullwidth non-hundred-percent-height-scrolling\" style=\"--awb-background-position:left top;--awb-border-radius-top-left:0px;--awb-border-radius-top-right:0px;--awb-border-radius-bottom-right:0px;--awb-border-radius-bottom-left:0px;--awb-padding-top:125px;--awb-padding-bottom:20px;--awb-padding-left:15px;--awb-border-sizes-top:0px;--awb-border-sizes-bottom:0px;--awb-flex-wrap:wrap;\" ><div class=\"fusion-builder-row fusion-row\"><div class=\"fusion-layout-column fusion_builder_column fusion-builder-column-0 fusion_builder_column_3_4 3_4 fusion-three-fourth fusion-column-first\" style=\"--awb-bg-size:cover;width:74%; margin-right: 4%;\"><div class=\"fusion-column-wrapper fusion-flex-column-wrapper-legacy\"><div class=\"fusion-title title fusion-title-1 fusion-sep-none fusion-title-text fusion-title-size-one azul titulo\" style=\"--awb-margin-bottom:26px;\"><h1 class=\"fusion-title-heading title-heading-left\" style=\"margin:0;\">IbizaHouse garantiza la mejor soluci\u00f3n a sus proyectos y reformas. Calidad, seriedad y una excelente atenci\u00f3n al cliente hacen que sea una empresa \u00fanica en la isla que responde a las necesidades de los m\u00e1s exigentes. De confianza.<\/h1><\/div><div class=\"fusion-text fusion-text-1\"><p>Como gerente de IbizaHouse, Ignacio Espigares del Pozo, Arquitecto t\u00e9cnico (especialidad en ejecuci\u00f3n de obras) por la <a href=\"https:\/\/www.upv.es\/\" target=\"_blank\">Universidad Polit\u00e9cnica de Valencia<\/a>, asume la direcci\u00f3n y liderazgo de un gran equipo de profesionales con el objetivo de encontrar soluciones adaptadas a las necesidades particulares de cada cliente.<\/p>\n<p>Fund\u00f3 IbizaHouse en el 2006 despu\u00e9s de una larga trayectoria profesional de la que cabe destacar su cargo como jefe del departamento t\u00e9cnico del grupo Progilsa, promotora l\u00edder en la construcci\u00f3n de viviendas de calidad. As\u00ed mismo ha realizado m\u00faltiples reformas, demoliciones y rehabilitaciones tanto a peque\u00f1a como a gran escala. Su intensa trayectoria profesional en la isla durante m\u00e1s de diez a\u00f1os en los que ha realizado y dirigido la construcci\u00f3n de m\u00e1s de 1000 viviendas, le ha llevado a contar con el apoyo de los mejores proveedores que le ayudan a garantizar siempre la oferta mas competitiva para sus clientes.<\/p>\n<p>El equipo humano que integra IbizaHouse busca superar las expectativas de sus clientes ofreciendo el mejor servicio y calidad en los trabajos que realizados. Cuenta con profesionales en diferentes sectores: ingenier\u00eda, arquitectura, dise\u00f1o, alba\u00f1iler\u00eda, fontaner\u00eda, urbanismo, etc. lo que permite cubrir las necesidades de cada proyecto o reforma de forma \u00fanica y exclusiva.<\/p>\n<\/div><div class=\"fusion-clearfix\"><\/div><\/div><\/div><\/div><\/div>\n","protected":false},"excerpt":{"rendered":"","protected":false},"author":1,"featured_media":0,"parent":0,"menu_order":0,"comment_status":"closed","ping_status":"closed","template":"100-width.php","meta":{"footnotes":""},"yoast_head":"<!-- This site is optimized with the Yoast SEO plugin v22.6 - https:\/\/yoast.com\/wordpress\/plugins\/seo\/ -->\n<title>Empresa - IbizaHouse<\/title>\n<meta name=\"robots\" content=\"index, follow, max-snippet:-1, max-image-preview:large, max-video-preview:-1\" \/>\n<link rel=\"canonical\" href=\"https:\/\/ibizahouse.es\/es\/empresa\/\" \/>\n<meta property=\"og:locale\" content=\"es_ES\" \/>\n<meta property=\"og:type\" content=\"article\" \/>\n<meta property=\"og:title\" content=\"Empresa - IbizaHouse\" \/>\n<meta property=\"og:url\" content=\"https:\/\/ibizahouse.es\/es\/empresa\/\" \/>\n<meta property=\"og:site_name\" content=\"IbizaHouse\" \/>\n<meta property=\"article:modified_time\" content=\"2016-10-21T15:29:28+00:00\" \/>\n<meta name=\"twitter:card\" content=\"summary_large_image\" \/>\n<meta name=\"twitter:label1\" content=\"Tiempo de lectura\" \/>\n\t<meta name=\"twitter:data1\" content=\"2 minutos\" \/>\n<script type=\"application\/ld+json\" class=\"yoast-schema-graph\">{\"@context\":\"https:\/\/schema.org\",\"@graph\":[{\"@type\":\"WebPage\",\"@id\":\"https:\/\/ibizahouse.es\/es\/empresa\/\",\"url\":\"https:\/\/ibizahouse.es\/es\/empresa\/\",\"name\":\"Empresa - IbizaHouse\",\"isPartOf\":{\"@id\":\"https:\/\/ibizahouse.es\/en\/#website\"},\"datePublished\":\"2014-10-11T14:58:50+00:00\",\"dateModified\":\"2016-10-21T15:29:28+00:00\",\"breadcrumb\":{\"@id\":\"https:\/\/ibizahouse.es\/es\/empresa\/#breadcrumb\"},\"inLanguage\":\"es\",\"potentialAction\":[{\"@type\":\"ReadAction\",\"target\":[\"https:\/\/ibizahouse.es\/es\/empresa\/\"]}]},{\"@type\":\"BreadcrumbList\",\"@id\":\"https:\/\/ibizahouse.es\/es\/empresa\/#breadcrumb\",\"itemListElement\":[{\"@type\":\"ListItem\",\"position\":1,\"name\":\"Home\",\"item\":\"https:\/\/ibizahouse.es\/es\/\"},{\"@type\":\"ListItem\",\"position\":2,\"name\":\"Empresa\"}]},{\"@type\":\"WebSite\",\"@id\":\"https:\/\/ibizahouse.es\/en\/#website\",\"url\":\"https:\/\/ibizahouse.es\/en\/\",\"name\":\"IbizaHouse\",\"description\":\"Your best solution forprojects and reforms.\",\"potentialAction\":[{\"@type\":\"SearchAction\",\"target\":{\"@type\":\"EntryPoint\",\"urlTemplate\":\"https:\/\/ibizahouse.es\/en\/?s={search_term_string}\"},\"query-input\":\"required name=search_term_string\"}],\"inLanguage\":\"es\"}]}<\/script>\n<!-- \/ Yoast SEO plugin. -->","yoast_head_json":{"title":"Empresa - IbizaHouse","robots":{"index":"index","follow":"follow","max-snippet":"max-snippet:-1","max-image-preview":"max-image-preview:large","max-video-preview":"max-video-preview:-1"},"canonical":"https:\/\/ibizahouse.es\/es\/empresa\/","og_locale":"es_ES","og_type":"article","og_title":"Empresa - IbizaHouse","og_url":"https:\/\/ibizahouse.es\/es\/empresa\/","og_site_name":"IbizaHouse","article_modified_time":"2016-10-21T15:29:28+00:00","twitter_card":"summary_large_image","twitter_misc":{"Tiempo de lectura":"2 minutos"},"schema":{"@context":"https:\/\/schema.org","@graph":[{"@type":"WebPage","@id":"https:\/\/ibizahouse.es\/es\/empresa\/","url":"https:\/\/ibizahouse.es\/es\/empresa\/","name":"Empresa - IbizaHouse","isPartOf":{"@id":"https:\/\/ibizahouse.es\/en\/#website"},"datePublished":"2014-10-11T14:58:50+00:00","dateModified":"2016-10-21T15:29:28+00:00","breadcrumb":{"@id":"https:\/\/ibizahouse.es\/es\/empresa\/#breadcrumb"},"inLanguage":"es","potentialAction":[{"@type":"ReadAction","target":["https:\/\/ibizahouse.es\/es\/empresa\/"]}]},{"@type":"BreadcrumbList","@id":"https:\/\/ibizahouse.es\/es\/empresa\/#breadcrumb","itemListElement":[{"@type":"ListItem","position":1,"name":"Home","item":"https:\/\/ibizahouse.es\/es\/"},{"@type":"ListItem","position":2,"name":"Empresa"}]},{"@type":"WebSite","@id":"https:\/\/ibizahouse.es\/en\/#website","url":"https:\/\/ibizahouse.es\/en\/","name":"IbizaHouse","description":"Your best solution forprojects and reforms.","potentialAction":[{"@type":"SearchAction","target":{"@type":"EntryPoint","urlTemplate":"https:\/\/ibizahouse.es\/en\/?s={search_term_string}"},"query-input":"required name=search_term_string"}],"inLanguage":"es"}]}},"_links":{"self":[{"href":"https:\/\/ibizahouse.es\/es\/wp-json\/wp\/v2\/pages\/13212"}],"collection":[{"href":"https:\/\/ibizahouse.es\/es\/wp-json\/wp\/v2\/pages"}],"about":[{"href":"https:\/\/ibizahouse.es\/es\/wp-json\/wp\/v2\/types\/page"}],"author":[{"embeddable":true,"href":"https:\/\/ibizahouse.es\/es\/wp-json\/wp\/v2\/users\/1"}],"replies":[{"embeddable":true,"href":"https:\/\/ibizahouse.es\/es\/wp-json\/wp\/v2\/comments?post=13212"}],"version-history":[{"count":7,"href":"https:\/\/ibizahouse.es\/es\/wp-json\/wp\/v2\/pages\/13212\/revisions"}],"predecessor-version":[{"id":13256,"href":"https:\/\/ibizahouse.es\/es\/wp-json\/wp\/v2\/pages\/13212\/revisions\/13256"}],"wp:attachment":[{"href":"https:\/\/ibizahouse.es\/es\/wp-json\/wp\/v2\/media?parent=13212"}],"curies":[{"name":"wp","href":"https:\/\/api.w.org\/{rel}","templated":true}]}}